{"id":523,"date":"2015-10-28T12:32:43","date_gmt":"2015-10-28T12:32:43","guid":{"rendered":"http:\/\/www.wackygang.it\/?page_id=523"},"modified":"2024-01-26T15:45:06","modified_gmt":"2024-01-26T15:45:06","slug":"wacky-solidarieta","status":"publish","type":"page","link":"https:\/\/www.wackygang.it\/?page_id=523","title":{"rendered":"Wacky Solidarieta&#8217;"},"content":{"rendered":"<p><span style=\"color: #ffffff;font-size: 18pt\"><strong>WACKY SOLIDARIETA\u2019 \u2026. PER REGALARE UN SORRISO<\/strong><\/span><\/p>\n<h4 style=\"text-align: justify\"><span style=\"color: #ffffff;font-size: 12pt\">Oltre alle bagorde feste e ai rumorosi motoraduni il Moto Club <strong>Wacky Gang<\/strong> ha trovato grandi soddisfazioni anche impegnandosi nel sociale.<\/span><\/h4>\n<h4 style=\"text-align: justify\"><span style=\"color: #ffffff;font-size: 12pt\">La prima iniziativa \u00e8 cominciata ancora prima della nascita del moto club avvenuta nel\u00a0 2015 grazie alla conoscenza dei simpatici oste della Trattoria Stella di Polcenigo che ci hanno invitato ad un pranzo per raccogliere fondi per La piccola Domi e da qui \u00e8 partita l\u2019avventura protrattasi fino ad oggi.La piccola Dominika \u00e8 una bimba Ungherese di 6 anni che vive in Italia dal 2012 e purtroppo nel 2013 le \u00e8 stata diagnosticata la leucemia linfatica acuta ed \u00e8 stata in cura per molto tempo al Burlo di Trieste dove ha sopportato diverse terapie chemioterapiche.<\/span><br \/>\n<span style=\"color: #ffffff;font-size: 12pt\"> Da gennaio di quest&#8217;anno le cose per lei stanno migliorando!!!! Domi sta molto meglio!!!!I suoi valori sono stabili e se pur sotto continui controlli gli esiti continuano ad essere positivi.Finalmente quest&#8217;anno ha iniziato ad andare a scuola e la sua vita ha iniziato ad avvicinarsi a ci\u00f2 che per gli altri bambini \u00e8 la normalit\u00e0!Se vuoi puoi seguire i progressi della\u00a0<\/span><span style=\"color: #ffffff;font-size: 12pt\">piccola Domi sulla sua pagina <a style=\"color: #ffffff\" href=\"https:\/\/www.facebook.com\/IniziativaBeneficaAFavoreDiDominikaRafael\/?fref=ts\" target=\"_blank\" rel=\"noopener noreferrer\">Facebook<\/a> \u2026\u2026<\/span><\/h4>\n<h4 style=\"text-align: justify\"><span style=\"color: #ffffff;font-size: 12pt\"><img loading=\"lazy\" decoding=\"async\" class=\"aligncenter size-full wp-image-2196\" src=\"https:\/\/www.wackygang.it\/wp-content\/uploads\/2020\/12\/Dominik.jpg\" alt=\"\" width=\"1152\" height=\"864\" srcset=\"https:\/\/www.wackygang.it\/wp-content\/uploads\/2020\/12\/Dominik.jpg 1152w, https:\/\/www.wackygang.it\/wp-content\/uploads\/2020\/12\/Dominik-300x225.jpg 300w, https:\/\/www.wackygang.it\/wp-content\/uploads\/2020\/12\/Dominik-1024x768.jpg 1024w, https:\/\/www.wackygang.it\/wp-content\/uploads\/2020\/12\/Dominik-768x576.jpg 768w, https:\/\/www.wackygang.it\/wp-content\/uploads\/2020\/12\/Dominik-660x495.jpg 660w\" sizes=\"auto, (max-width: 1152px) 100vw, 1152px\" \/><\/span><span style=\"font-size: 12pt\"><span style=\"color: #ffffff\">Domenica 18 ottobre 2015 abbiamo partecipato alla consueta iniziativa organizzata dal Moto Club \u201cGruppo Nutria\u201d presso la cooperativa Il Gabbiano \u2013 Il Pino che ospitano ragazzi disabili.L\u2019iniziativa di pers\u00e8 \u00e8 molto semplice, consiste in una giornata di festa assieme ai ragazzi ospiti del centro cercando semplicemente di far trascorrere a questi ragazzi una giornata diversa dal solito portando un piccolo rinfresco e trascorrendo un po\u2019 di tempo con<\/span> <span style=\"color: #ffffff\">loro.<\/span><\/span><\/h4>\n<p><img loading=\"lazy\" decoding=\"async\" class=\"size-full wp-image-2205 aligncenter\" src=\"https:\/\/www.wackygang.it\/wp-content\/uploads\/2020\/12\/PA180437-scaled.jpg\" alt=\"\" width=\"2560\" height=\"1440\" srcset=\"https:\/\/www.wackygang.it\/wp-content\/uploads\/2020\/12\/PA180437-scaled.jpg 2560w, https:\/\/www.wackygang.it\/wp-content\/uploads\/2020\/12\/PA180437-300x169.jpg 300w, https:\/\/www.wackygang.it\/wp-content\/uploads\/2020\/12\/PA180437-1024x576.jpg 1024w, https:\/\/www.wackygang.it\/wp-content\/uploads\/2020\/12\/PA180437-768x432.jpg 768w, https:\/\/www.wackygang.it\/wp-content\/uploads\/2020\/12\/PA180437-1536x864.jpg 1536w, https:\/\/www.wackygang.it\/wp-content\/uploads\/2020\/12\/PA180437-2048x1152.jpg 2048w, https:\/\/www.wackygang.it\/wp-content\/uploads\/2020\/12\/PA180437-660x371.jpg 660w\" sizes=\"auto, (max-width: 2560px) 100vw, 2560px\" \/><\/p>\n<p><img loading=\"lazy\" decoding=\"async\" class=\"size-full wp-image-2206 aligncenter\" src=\"https:\/\/www.wackygang.it\/wp-content\/uploads\/2020\/12\/PA180440-scaled.jpg\" alt=\"\" width=\"2560\" height=\"1440\" srcset=\"https:\/\/www.wackygang.it\/wp-content\/uploads\/2020\/12\/PA180440-scaled.jpg 2560w, https:\/\/www.wackygang.it\/wp-content\/uploads\/2020\/12\/PA180440-300x169.jpg 300w, https:\/\/www.wackygang.it\/wp-content\/uploads\/2020\/12\/PA180440-1024x576.jpg 1024w, https:\/\/www.wackygang.it\/wp-content\/uploads\/2020\/12\/PA180440-768x432.jpg 768w, https:\/\/www.wackygang.it\/wp-content\/uploads\/2020\/12\/PA180440-1536x864.jpg 1536w, https:\/\/www.wackygang.it\/wp-content\/uploads\/2020\/12\/PA180440-2048x1152.jpg 2048w, https:\/\/www.wackygang.it\/wp-content\/uploads\/2020\/12\/PA180440-660x371.jpg 660w\" sizes=\"auto, (max-width: 2560px) 100vw, 2560px\" \/><\/p>\n<p>&nbsp;<\/p>\n","protected":false},"excerpt":{"rendered":"<p>WACKY SOLIDARIETA\u2019 \u2026. PER REGALARE UN SORRISO Oltre alle bagorde feste e ai rumorosi motoraduni il Moto Club Wacky Gang ha trovato grandi soddisfazioni anche impegnandosi nel sociale. La prima iniziativa \u00e8 cominciata ancora prima della nascita del moto club avvenuta nel\u00a0 2015 grazie alla conoscenza dei simpatici oste della Trattoria Stella di Polcenigo che&#8230; <a class=\"moretag\" href=\"https:\/\/www.wackygang.it\/?page_id=523\">Leggi tutto &raquo;<\/a><\/p>\n","protected":false},"author":1,"featured_media":0,"parent":0,"menu_order":0,"comment_status":"closed","ping_status":"closed","template":"page-templates\/full-width.php","meta":{"footnotes":""},"class_list":["post-523","page","type-page","status-publish","hentry"],"_links":{"self":[{"href":"https:\/\/www.wackygang.it\/index.php?rest_route=\/wp\/v2\/pages\/523","targetHints":{"allow":["GET"]}}],"collection":[{"href":"https:\/\/www.wackygang.it\/index.php?rest_route=\/wp\/v2\/pages"}],"about":[{"href":"https:\/\/www.wackygang.it\/index.php?rest_route=\/wp\/v2\/types\/page"}],"author":[{"embeddable":true,"href":"https:\/\/www.wackygang.it\/index.php?rest_route=\/wp\/v2\/users\/1"}],"replies":[{"embeddable":true,"href":"https:\/\/www.wackygang.it\/index.php?rest_route=%2Fwp%2Fv2%2Fcomments&post=523"}],"version-history":[{"count":29,"href":"https:\/\/www.wackygang.it\/index.php?rest_route=\/wp\/v2\/pages\/523\/revisions"}],"predecessor-version":[{"id":528,"href":"https:\/\/www.wackygang.it\/index.php?rest_route=\/wp\/v2\/pages\/523\/revisions\/528"}],"wp:attachment":[{"href":"https:\/\/www.wackygang.it\/index.php?rest_route=%2Fwp%2Fv2%2Fmedia&parent=523"}],"curies":[{"name":"wp","href":"https:\/\/api.w.org\/{rel}","templated":true}]}}